{"id":1293,"date":"2021-08-05T11:14:16","date_gmt":"2021-08-05T14:14:16","guid":{"rendered":"https:\/\/orbitalengenharia.com.br\/en\/?page_id=1293"},"modified":"2021-08-05T13:07:52","modified_gmt":"2021-08-05T16:07:52","slug":"acesso-aos-dados","status":"publish","type":"page","link":"https:\/\/orbitalengenharia.com.br\/en\/acesso-aos-dados\/","title":{"rendered":"Acesso aos dados"},"content":{"rendered":"\t\t<div data-elementor-type=\"wp-page\" data-elementor-id=\"1293\" class=\"elementor elementor-1293\" data-elementor-post-type=\"page\">\n\t\t\t\t\t\t<section class=\"elementor-section elementor-top-section elementor-element elementor-element-11ff6b1 elementor-section-boxed elementor-section-height-default elementor-section-height-default\" data-id=\"11ff6b1\" data-element_type=\"section\" data-e-type=\"section\" data-settings=\"{&quot;ekit_has_onepagescroll_dot&quot;:&quot;yes&quot;}\">\n\t\t\t\t\t\t<div class=\"elementor-container elementor-column-gap-default\">\n\t\t\t\t\t<div class=\"elementor-column elementor-col-100 elementor-top-column elementor-element elementor-element-6f9ab22\" data-id=\"6f9ab22\" data-element_type=\"column\" data-e-type=\"column\">\n\t\t\t<div class=\"elementor-widget-wrap elementor-element-populated\">\n\t\t\t\t\t\t<div class=\"elementor-element elementor-element-696f1a2 elementor-widget elementor-widget-wp-widget-custom_html\" data-id=\"696f1a2\" data-element_type=\"widget\" data-e-type=\"widget\" data-settings=\"{&quot;ekit_we_effect_on&quot;:&quot;none&quot;}\" data-widget_type=\"wp-widget-custom_html.default\">\n\t\t\t\t<div class=\"elementor-widget-container\">\n\t\t\t\t\t<div class=\"textwidget custom-html-widget\">\n<script type=\"text\/javascript\">\n\n\t \n\t  \n\t function  rgpdPDAClick()\n\t {\n\t\tdocument.getElementById(\"rgpdmenu1\").style.display= \"block\";\n\t\tdocument.getElementById(\"rgpdmenu2\").style.display= \"none\";  \n\t\tdocument.getElementById(\"rgpdmenu3\").style.display= \"none\";\n\t\tdocument.getElementById(\"rgpdmenu4\").style.display= \"none\"; \n\t\t\n\t\t\/\/disable other tabs and color\n\t\tdocument.getElementById(\"rgpdPDA\").style.backgroundColor= \"#fafafa\";\n\t\tdocument.getElementById(\"rgpdFM\").style.backgroundColor= \"white\";  \n\t\tdocument.getElementById(\"rgpdDR\").style.backgroundColor= \"white\";\n\t\tdocument.getElementById(\"rgpdUR\").style.backgroundColor= \"white\";\n\t }\n\t function  rgpdFMClick()\n\t {\n\t\tdocument.getElementById(\"rgpdmenu1\").style.display= \"none\";\n\t\tdocument.getElementById(\"rgpdmenu2\").style.display= \"block\";  \n\t\tdocument.getElementById(\"rgpdmenu3\").style.display= \"none\";\n\t\tdocument.getElementById(\"rgpdmenu4\").style.display= \"none\"; \n\t\t\n\t\t\/\/disable other tabs and color\n\t\tdocument.getElementById(\"rgpdPDA\").style.backgroundColor= \"white\";\n\t\tdocument.getElementById(\"rgpdFM\").style.backgroundColor= \"#fafafa\";  \n\t\tdocument.getElementById(\"rgpdDR\").style.backgroundColor= \"white\";\n\t\tdocument.getElementById(\"rgpdUR\").style.backgroundColor= \"white\";\n\t }\n\t function  rgpdDRClick()\n\t {\n\t\tdocument.getElementById(\"rgpdmenu1\").style.display= \"none\";\n\t\tdocument.getElementById(\"rgpdmenu2\").style.display= \"none\";  \n\t\tdocument.getElementById(\"rgpdmenu3\").style.display= \"block\";\n\t\tdocument.getElementById(\"rgpdmenu4\").style.display= \"none\"; \n\t\t\n\t\t\/\/disable other tabs and color\n\t\tdocument.getElementById(\"rgpdPDA\").style.backgroundColor= \"white\";\n\t\tdocument.getElementById(\"rgpdFM\").style.backgroundColor= \"white\";  \n\t\tdocument.getElementById(\"rgpdDR\").style.backgroundColor= \"#fafafa\";\n\t\tdocument.getElementById(\"rgpdUR\").style.backgroundColor= \"white\";\n\t\t\n\t\t\n\t }\n\t function  rgpdURClick()\n\t {\n\t\tdocument.getElementById(\"rgpdmenu1\").style.display= \"none\";\n\t\tdocument.getElementById(\"rgpdmenu2\").style.display= \"none\";  \n\t\tdocument.getElementById(\"rgpdmenu3\").style.display= \"none\";\n\t\tdocument.getElementById(\"rgpdmenu4\").style.display= \"block\"; \n\t\t\n\t\t\/\/disable other tabs and color\n\t\tdocument.getElementById(\"rgpdPDA\").style.backgroundColor= \"white\";\n\t\tdocument.getElementById(\"rgpdFM\").style.backgroundColor= \"white\";  \n\t\tdocument.getElementById(\"rgpdDR\").style.backgroundColor= \"white\";\n\t\tdocument.getElementById(\"rgpdUR\").style.backgroundColor= \"#fafafa\";\n\t }\n<\/script>\n\n\n<div class=\"containerr-fluid\">\n<div class=\"rgpd-tab\">\n  <button class=\"active rgpd-tablinks\" id=\"rgpdPDA\" onclick=\"rgpdPDAClick()\"><div class=\"rgpd-head\">Pedido de Acesso a Dados<\/div><\/button>\n  <button id=\"rgpdFM\" class=\"rgpd-tablinks\" onclick=\"rgpdFMClick()\"><div class=\"rgpd-head\">Esque\u00e7a o pedido de dados<\/div><\/button>\n  <button id=\"rgpdDR\" class=\"rgpd-tablinks\" onclick=\"rgpdDRClick()\"><div class=\"rgpd-head\">Retificar Solicita\u00e7\u00e3o de Dados<\/div><\/button>\n  <button id=\"rgpdUR\" class=\"rgpd-tablinks\" onclick=\"rgpdURClick()\"><div class=\"rgpd-head\">Solicita\u00e7\u00e3o de cancelamento de inscri\u00e7\u00e3o<\/div><\/button>\n<\/div>\n\n<div class=\"\">\n    \n    <div id=\"rgpdmenu1\">\n      <div class=\"col-18\"><br>\n  <div class=\"rgpddefaults rgpdpanel\">\n    <div class=\"rgpd-panel-heading\"><h4 style=\"color:white\">Pedido de Acesso a Dados<\/h4><\/div>\n    <div class=\"rgpd-panel-body\">\n       \n<div id=\"rgpdpda\" class=\"form-group\">\n<form action=\"\" method=\"post\"><br>\n<p>\n<b>Solicite uma c\u00f3pia dos dados que temos sobre voc\u00ea. Um e-mail ser\u00e1 enviado para voc\u00ea com os dados depois que forem gerados.<\/b><\/p>\n\n<label for=\"rgpdemailpda\">O email:<\/label>\n<input type=\"email\" id=\"rgpdemailpda\" class=\"rgpdinp\" name=\"rgpdemailpda\" value=\"\" required=\"\">\n<br><br>\n\n <button type=\"submit\" name=\"rgpdpdasubmit\" class=\"submitrequestbtn\">Enviar pedido<\/button>\n\n<\/form>\n        \n<\/div>\n        \n    <\/div>\n  <\/div>\n<\/div>\n<\/div>\n<div id=\"rgpdmenu2\">\n<div class=\"col-18\"><br>\n<div class=\"rgpddefaults rgpdpanel\">\n<div class=\"rgpd-panel-heading\"><h4 style=\"color:white\">Esque\u00e7a o pedido de dados<\/h4><\/div>\n<div class=\"rgpd-panel-body\">\n<div id=\"rgpdfm\" class=\"Form Control\"> \n<form action=\"\" method=\"post\"><br>\n<p>\n<b>\nSelecione o que voc\u00ea deseja ser esquecido. Voc\u00ea ser\u00e1 notificado por e-mail assim que terminar.\n<\/b><\/p>\n<label class=\"containerr\">\n<b>Coment\u00e1rios<\/b>\n<input type=\"checkbox\" name=\"rgpdfmchkboxc\" value=\"c\">\n<span class=\"rgpdcheckmark\"><\/span>\n<\/label>\n\nSeus coment\u00e1rios em v\u00e1rios posts<br><br>\n<label class=\"containerr\">\n<b>Postagens<\/b>\n<input type=\"checkbox\" name=\"rgpdfmchkboxp\" value=\"p\">\n<span class=\"rgpdcheckmark\"><\/span>\n<\/label>\nArtigos e posts escritos por voc\u00ea\n<br><br>\n<label class=\"containerr\">\n<b>Dados do usu\u00e1rio<\/b>\n<input type=\"checkbox\" name=\"rgpdfmchkboxu\" value=\"u\">\n<span class=\"rgpdcheckmark\"><\/span>\n<\/label>\nSeus dados de usu\u00e1rio registrados no banco de dados Wordpress.\n<br>\n <br><label for=\"\">O email:<\/label>\n<input type=\"email\" class=\"rgpdinp\" name=\"rgpdfmemail\" value=\"\" required=\"\">\n<br><br>\n<!-- <label class=\"containerr\">\nConcordo que meu e-mail seja coletado para processar essa solicita\u00e7\u00e3o. Veja a p\u00e1gina Pol\u00edtica de Privacidade para mais informa\u00e7\u00f5es.\n<input type=\"checkbox\" name=\"rgpdchkbox\" value=\"1\" required=\"\">\n\n<span class=\"rgpdcheckmark\"><\/span>\n<\/label> -->\n <button type=\"submit\" name=\"rgpdfmsubmit\" class=\"submitrequestbtn\">Enviar pedido<\/button>  \n<\/form>\n<\/div> \n        \n    <\/div>\n  <\/div>\n<\/div>\n    <\/div>\n    <div id=\"rgpdmenu3\">\n    <div id=\"rgpddr\" class=\"Form Control\">\n      <div class=\"col-18\"><br>\n  <div class=\"rgpddefaults rgpdpanel\">\n    <div class=\"rgpd-panel-heading\"><h4 style=\"color:white\">Retificar Solicita\u00e7\u00e3o de Dados<\/h4><\/div>\n    <div class=\"rgpd-panel-body\">\n   <div id=\"rgpddr\" class=\"Form Control\"> \n<form action=\"\" method=\"post\"><br>\n\n<label class=\"containerr\">\nComent\u00e1rios do WordPress\n<input type=\"checkbox\" name=\"rgpddrchkboxc\" value=\"c\">\n<span class=\"rgpdcheckmark\"><\/span>\n<\/label>\n\nSeus coment\u00e1rios em v\u00e1rios posts<br><br>\n<label class=\"containerr\">\n<b>Postagens do WordPress<\/b>\n<input type=\"checkbox\" name=\"rgpddrchkboxp\" value=\"p\">\n<span class=\"rgpdcheckmark\"><\/span>\n<\/label>\nArtigos e posts escritos por voc\u00ea\n<br><br>\n<label class=\"containerr\">\n<b>Dados do usu\u00e1rio do WordPress<\/b>\n<input type=\"checkbox\" name=\"rgpddrchkboxu\" value=\"u\">\n<span class=\"rgpdcheckmark\"><\/span>\n<\/label>\nSeus dados de usu\u00e1rio registrados no banco de dados Wordpress.<br>\n<label><br>\nO que deve ser retificado?<\/label><\/br>\n<textarea name=\"rgpdrectification\" class=\"rgpdinp\" rows=\"5\" required=\"\"><\/textarea><br><br>\n\n<label for=\"\">O email:<\/label>\n<input type=\"email\" class=\"rgpdinp\" name=\"rgpddremail\" value=\"\" required=\"\">\n\n<br><br>\n\n<button type=\"submit\" name=\"rgpddrsubmit\" class=\"submitrequestbtn\">Enviar pedido<\/button>\n\n<\/form>\n         <\/div> \n    <\/div>\n  <\/div>\n<\/div>\n<\/div>\n    <\/div>\n\t\n\t<div id=\"rgpdmenu4\">\n    <div id=\"rgpdur\" class=\"Form Control\">\n      <div class=\"col-18\"><br>\n  <div class=\"rgpddefaults rgpdpanel\">\n    <div class=\"rgpd-panel-heading\"><h4 style=\"color:white\">Formul\u00e1rio de solicita\u00e7\u00e3o de cancelamento de inscri\u00e7\u00e3o<\/h4><\/div>\n    <div class=\"rgpd-panel-body\">\n   <div id=\"rgpdur\" class=\"Form Control\"> <br>\n   <div class=\"rgpd-alert\" style=\"color:black;\">Por favor, reconsidere o cancelamento da assinatura, pois voc\u00ea pode perder atualiza\u00e7\u00f5es e ofertas importantes de nossa parte. Se voc\u00ea realmente quiser cancelar a inscri\u00e7\u00e3o, preencha seu nome e endere\u00e7o de e-mail. Na caixa abaixo.<\/div>\n<form action=\"\" method=\"post\"><br>\n<label for=\"\">Nome:<\/label><br>\n<input type=\"text\" id=\"\" class=\"rgpdinp\" name=\"unsname\" value=\"\" required=\"\">\n<br><br>\n<label for=\"\">O email:<\/label>\n<input type=\"email\" id=\"\" class=\"rgpdinp\" name=\"unsemail\" value=\"\" required=\"\">\n<br><br>\n <button type=\"submit\" name=\"rgpdunssubmit\" class=\"submitrequestbtn\">Enviar pedido<\/button>\n<\/form>\n<\/div>\n<\/div>\n        \n    <\/div>\n  <\/div>\n<\/div>\n<\/div>\n\t\n\t\n  <\/div>\n<\/div>\n<script type=\"text\/javascript\">\n  document.getElementById(\"rgpdmenu2\").style.display= \"none\";  \n\tdocument.getElementById(\"rgpdmenu3\").style.display= \"none\";\n\tdocument.getElementById(\"rgpdmenu4\").style.display= \"none\";\n\t\n\t\/\/disable other tabs and color\n\t\tdocument.getElementById(\"rgpdPDA\").style.backgroundColor= \"#FE9A2E\";\n\t\tdocument.getElementById(\"rgpdFM\").style.backgroundColor= \"white\";  \n\t\tdocument.getElementById(\"rgpdDR\").style.backgroundColor= \"white\";\n\t\tdocument.getElementById(\"rgpdUR\").style.backgroundColor= \"white\";\n<\/script>\n<style>\n\/* Customize the label (the containerr) *\/\n.containerr {\n  display: block;\n  position: relative;\n  padding-left: 35px;\n  margin-bottom: 12px;\n  cursor: pointer;\n  \n  -webkit-user-select: none;\n  -moz-user-select: none;\n  -ms-user-select: none;\n  user-select: none;\n}\n\n\/* Hide the browsers default checkbox *\/\n.containerr input {\n  position: absolute;\n  opacity: 0;\n  cursor: pointer;\n}\n\n\/* Create a custom checkbox *\/\n.rgpdcheckmark {\n  position: absolute;\n  top: 0;\n  left: 0;\n  height: 25px;\n  width: 25px;\n  background-color: #eee;\n}\n\n\/* On mouse-over, add a grey background color *\/\n.containerr:hover input ~ .rgpdcheckmark {\n  background-color: #ccc;\n}\n\n\/* When the checkbox is checked, add a blue background *\/\n.containerr input:checked ~ .rgpdcheckmark {\n  background-color: #2196F3;\n}\n\n\/* Create the rgpdcheckmark\/indicator (hidden when not checked) *\/\n.rgpdcheckmark:after {\n  content: \"\";\n  position: absolute;\n  display: none;\n}\n\n\/* Show the rgpdcheckmark when checked *\/\n.containerr input:checked ~ .rgpdcheckmark:after {\n  display: block;\n}\n\n\/* Style the rgpdcheckmark\/indicator *\/\n.containerr .rgpdcheckmark:after {\n  left: 9px;\n  top: 5px;\n  width: 5px;\n  height: 10px;\n  border: solid white;\n  border-width: 0 3px 3px 0;\n  -webkit-transform: rotate(45deg);\n  -ms-transform: rotate(45deg);\n  transform: rotate(45deg);\n}\n\n.rgpdpanel {\n    border-color: #525863;\n}\n.rgpdpanel>.rgpd-panel-heading {\n    color: #fff;\n     background: linear-gradient(#525863, #444a55);\n    border-color: #525863;\n}\n\n.rgpd-panel-heading {\n  padding: 10px 10px;\n    border-bottom: 1px solid transparent;\n    border-top-left-radius: 3px;\n    border-top-right-radius: 3px;\n\n}\n\n.rgpddefaults {\n\n    margin-bottom: 20px;\n    background-color: #fff;\n    border: 1px solid transparent;\n    border-radius: 4px;\n    -webkit-box-shadow: 0 1px 1px rgba(0,0,0,.05);\n    box-shadow: 0 1px 1px rgba(0,0,0,.05);\n\n}\n\n.rgpd-rgpd-panel-body {\n  padding: 15px;\n}\n\ninput[type=email].rgpdinp,input[type=text].rgpdinp,textarea.rgpdinp {\n    width: 100%;\n    padding: 12px;\n    border: 1px solid #ccc;\n    border-radius: 4px;\n    resize: vertical;\n}\n\n\/*Button Style  *\/\n.submitrequestbtn {\n    background-color: #008CBA; \/* Green *\/\n    border: none;\n    color: white;\n    padding: 10px 24px;\n    text-align: center;\n    text-decoration: none;\n    display: inline-block;\n    font-size: 16px;\n    border-radius: 4px;\n}\n\n\n\/* Style the tab *\/\n.rgpd-tab {\n    overflow: hidden;\n    border: 1px solid #ccc;\n    background-color: white;\n    border-radius: 3px;\n\n}\n\n\/* Style the buttons inside the tab *\/\n.rgpd-tab button {\n    background-color: inherit;\n    float: left;\n    border: none;\n    outline: none;\n    cursor: pointer;\n    padding: 14px 16px;\n    transition: 0.3s;\n    font-size: 17px;\n\tcolor:black;\n}\n\n\/* Style the text on the header *\/\n.rgpd-head {\n    font-size: 14px;\n}\n\n\n\/* Change background color of buttons on hover *\/\n.rgpd-tab button:hover {\n    background-color: #ddd;\n}\n\n.rgpd-alert {\n    padding: 20px;\n    background-color: #f4debc;\n    color: white;\n    border-radius: 4px;\n\n}\n\/*e7d7bf*\/\n<\/style>\n<\/div>\t\t\t\t<\/div>\n\t\t\t\t<\/div>\n\t\t\t\t\t<\/div>\n\t\t<\/div>\n\t\t\t\t\t<\/div>\n\t\t<\/section>\n\t\t\t\t<\/div>\n\t\t","protected":false},"excerpt":{"rendered":"","protected":false},"author":1,"featured_media":0,"parent":0,"menu_order":0,"comment_status":"closed","ping_status":"closed","template":"","meta":{"footnotes":""},"class_list":["post-1293","page","type-page","status-publish","hentry"],"_links":{"self":[{"href":"https:\/\/orbitalengenharia.com.br\/en\/wp-json\/wp\/v2\/pages\/1293","targetHints":{"allow":["GET"]}}],"collection":[{"href":"https:\/\/orbitalengenharia.com.br\/en\/wp-json\/wp\/v2\/pages"}],"about":[{"href":"https:\/\/orbitalengenharia.com.br\/en\/wp-json\/wp\/v2\/types\/page"}],"author":[{"embeddable":true,"href":"https:\/\/orbitalengenharia.com.br\/en\/wp-json\/wp\/v2\/users\/1"}],"replies":[{"embeddable":true,"href":"https:\/\/orbitalengenharia.com.br\/en\/wp-json\/wp\/v2\/comments?post=1293"}],"version-history":[{"count":10,"href":"https:\/\/orbitalengenharia.com.br\/en\/wp-json\/wp\/v2\/pages\/1293\/revisions"}],"predecessor-version":[{"id":1335,"href":"https:\/\/orbitalengenharia.com.br\/en\/wp-json\/wp\/v2\/pages\/1293\/revisions\/1335"}],"wp:attachment":[{"href":"https:\/\/orbitalengenharia.com.br\/en\/wp-json\/wp\/v2\/media?parent=1293"}],"curies":[{"name":"wp","href":"https:\/\/api.w.org\/{rel}","templated":true}]}}